{"id":624,"date":"2022-11-11T15:09:19","date_gmt":"2022-11-11T14:09:19","guid":{"rendered":"http:\/\/dr-friedmann.de.w01d713f.kasserver.com\/dr-ing-friedmann\/"},"modified":"2022-12-14T09:44:27","modified_gmt":"2022-12-14T08:44:27","slug":"dr-ing-friedmann","status":"publish","type":"page","link":"https:\/\/dr-friedmann.de\/en\/","title":{"rendered":"Dr.-Ing. Friedmann"},"content":{"rendered":"\t\t<div data-elementor-type=\"wp-page\" data-elementor-id=\"624\" class=\"elementor elementor-624\" data-elementor-post-type=\"page\">\n\t\t\t\t\t\t<section class=\"elementor-section elementor-top-section elementor-element elementor-element-160b734b elementor-section-boxed elementor-section-height-default elementor-section-height-default\" data-id=\"160b734b\" data-element_type=\"section\">\n\t\t\t\t\t\t<div class=\"elementor-container elementor-column-gap-default\">\n\t\t\t\t\t<div class=\"elementor-column elementor-col-50 elementor-top-column elementor-element elementor-element-2fe8a430\" data-id=\"2fe8a430\" data-element_type=\"column\">\n\t\t\t<div class=\"elementor-widget-wrap elementor-element-populated\">\n\t\t\t\t\t\t<div class=\"elementor-element elementor-element-6a06786c elementor-widget elementor-widget-text-editor\" data-id=\"6a06786c\" data-element_type=\"widget\" data-widget_type=\"text-editor.default\">\n\t\t\t\t<div class=\"elementor-widget-container\">\n\t\t\t\t\t\t\t\t\t\n<p>Biogasprojekte erfolgreich in ein zunehmend komplexes rechtliches, wirtschaftliches und technologisches Umfeld einzubetten steht f\u00fcr Dr.-Ing. Hans Friedmann im Vordergrund seiner internationalen T\u00e4tigkeiten in der Biogasbranche.<\/p>\n<p>Bei der Umsetzung einer landwirtschaftlichen Gro\u00dfbiogasanlage bis hin zum Aufbau einer eigenen Biogassparte profitieren Sie von der exzellenten Fachkompetenz und umfassenden Branchenkenntnis von einem der Branchenpioniere.<\/p>\n\t\t\t\t\t\t\t\t<\/div>\n\t\t\t\t<\/div>\n\t\t\t\t\t<\/div>\n\t\t<\/div>\n\t\t\t\t<div class=\"elementor-column elementor-col-50 elementor-top-column elementor-element elementor-element-eeed284\" data-id=\"eeed284\" data-element_type=\"column\">\n\t\t\t<div class=\"elementor-widget-wrap elementor-element-populated\">\n\t\t\t\t\t\t<div class=\"elementor-element elementor-element-bf7b102 elementor-widget elementor-widget-image\" data-id=\"bf7b102\" data-element_type=\"widget\" data-widget_type=\"image.default\">\n\t\t\t\t<div class=\"elementor-widget-container\">\n\t\t\t\t\t\t\t\t\t\t\t\t\t\t\t<img fetchpriority=\"high\" decoding=\"async\" width=\"585\" height=\"388\" src=\"https:\/\/dr-friedmann.de\/wp-content\/uploads\/2022\/12\/biogasanlage_krummhoern.jpg\" class=\"attachment-large size-large wp-image-820\" alt=\"\" srcset=\"https:\/\/dr-friedmann.de\/wp-content\/uploads\/2022\/12\/biogasanlage_krummhoern.jpg 585w, https:\/\/dr-friedmann.de\/wp-content\/uploads\/2022\/12\/biogasanlage_krummhoern-300x199.jpg 300w\" sizes=\"(max-width: 585px) 100vw, 585px\" \/>\t\t\t\t\t\t\t\t\t\t\t\t\t\t\t<\/div>\n\t\t\t\t<\/div>\n\t\t\t\t\t<\/div>\n\t\t<\/div>\n\t\t\t\t\t<\/div>\n\t\t<\/section>\n\t\t\t\t<\/div>\n\t\t","protected":false},"excerpt":{"rendered":"<p>Biogasprojekte erfolgreich in ein zunehmend komplexes rechtliches, wirtschaftliches und technologisches Umfeld einzubetten steht f\u00fcr Dr.-Ing. Hans Friedmann im Vordergrund seiner internationalen T\u00e4tigkeiten in der Biogasbranche. Bei der Umsetzung einer landwirtschaftlichen Gro\u00dfbiogasanlage bis hin zum Aufbau einer eigenen Biogassparte profitieren Sie von der exzellenten Fachkompetenz und umfassenden Branchenkenntnis von einem der Branchenpioniere.<\/p>\n","protected":false},"author":1,"featured_media":1259,"parent":0,"menu_order":9,"comment_status":"closed","ping_status":"closed","template":"","meta":{"footnotes":""},"class_list":["post-624","page","type-page","status-publish","has-post-thumbnail","hentry"],"_links":{"self":[{"href":"https:\/\/dr-friedmann.de\/en\/wp-json\/wp\/v2\/pages\/624","targetHints":{"allow":["GET"]}}],"collection":[{"href":"https:\/\/dr-friedmann.de\/en\/wp-json\/wp\/v2\/pages"}],"about":[{"href":"https:\/\/dr-friedmann.de\/en\/wp-json\/wp\/v2\/types\/page"}],"author":[{"embeddable":true,"href":"https:\/\/dr-friedmann.de\/en\/wp-json\/wp\/v2\/users\/1"}],"replies":[{"embeddable":true,"href":"https:\/\/dr-friedmann.de\/en\/wp-json\/wp\/v2\/comments?post=624"}],"version-history":[{"count":87,"href":"https:\/\/dr-friedmann.de\/en\/wp-json\/wp\/v2\/pages\/624\/revisions"}],"predecessor-version":[{"id":1343,"href":"https:\/\/dr-friedmann.de\/en\/wp-json\/wp\/v2\/pages\/624\/revisions\/1343"}],"wp:featuredmedia":[{"embeddable":true,"href":"https:\/\/dr-friedmann.de\/en\/wp-json\/wp\/v2\/media\/1259"}],"wp:attachment":[{"href":"https:\/\/dr-friedmann.de\/en\/wp-json\/wp\/v2\/media?parent=624"}],"curies":[{"name":"wp","href":"https:\/\/api.w.org\/{rel}","templated":true}]}}